{"id":160,"date":"2022-09-29T10:26:19","date_gmt":"2022-09-29T10:26:19","guid":{"rendered":"https:\/\/www.ceciliemaria.dk\/?page_id=160"},"modified":"2025-12-08T20:53:26","modified_gmt":"2025-12-08T20:53:26","slug":"extensions","status":"publish","type":"page","link":"https:\/\/www.ceciliemaria.dk\/index.php\/extensions\/","title":{"rendered":"Extensions"},"content":{"rendered":"<p>[et_pb_section fb_built=&#8221;1&#8243; admin_label=&#8221;header&#8221; _builder_version=&#8221;4.23.1&#8243; background_image=&#8221;https:\/\/www.ceciliemaria.dk\/wp-content\/uploads\/2019\/06\/hero.jpg&#8221; parallax=&#8221;on&#8221; hover_enabled=&#8221;0&#8243; z_index_tablet=&#8221;500&#8243; global_colors_info=&#8221;{}&#8221; background_color=&#8221;#E4D9C5&#8243; sticky_enabled=&#8221;0&#8243;][et_pb_row _builder_version=&#8221;4.23.1&#8243; background_size=&#8221;initial&#8221; background_position=&#8221;top_left&#8221; background_repeat=&#8221;repeat&#8221; hover_enabled=&#8221;0&#8243; global_colors_info=&#8221;{}&#8221; sticky_enabled=&#8221;0&#8243; custom_padding=&#8221;|||0px||&#8221;][et_pb_column type=&#8221;4_4&#8243; _builder_version=&#8221;4.16&#8243; custom_padding=&#8221;|||&#8221; global_colors_info=&#8221;{}&#8221; custom_padding__hover=&#8221;|||&#8221;][et_pb_text _builder_version=&#8221;4.16&#8243; text_font=&#8221;Nunito Sans|100|||||||&#8221; text_text_color=&#8221;#000000&#8243; text_font_size=&#8221;42px&#8221; text_line_height=&#8221;1.4em&#8221; header_font=&#8221;Nunito Sans|100|||||||&#8221; header_font_size=&#8221;24px&#8221; custom_padding=&#8221;80px|80px|80px|80px&#8221; z_index_tablet=&#8221;500&#8243; inline_fonts=&#8221;Nortwell&#8221; global_colors_info=&#8221;{}&#8221;]<\/p>\n<p style=\"text-align: center;\"><span style=\"font-family: Nortwell; font-weight: normal; color: #686868; font-size: xx-large;\">Hair extensions<\/span><\/p>\n<p>[\/et_pb_text][et_pb_blurb _builder_version=&#8221;4.23.1&#8243; header_font=&#8221;Nunito Sans|300|||||||&#8221; header_font_size=&#8221;19&#8243; body_font=&#8221;Nunito Sans|300|||||||&#8221; body_text_color=&#8221;#000000&#8243; body_font_size=&#8221;18&#8243; text_orientation=&#8221;center&#8221; custom_padding=&#8221;40px|40px|40px|40px&#8221; hover_enabled=&#8221;0&#8243; z_index_tablet=&#8221;500&#8243; border_width_all=&#8221;4px&#8221; border_color_all=&#8221;#dfb2c7&#8243; border_color_all_image=&#8221;#fcc9da&#8221; inline_fonts=&#8221;Julius Sans One&#8221; global_colors_info=&#8221;{}&#8221; background_color=&#8221;#E4D9C5&#8243; sticky_enabled=&#8221;0&#8243;]<\/p>\n<p><span style=\"font-family: inherit; font-weight: normal;\"><\/span><\/p>\n<p><span style=\"font-family: inherit; font-weight: normal;\">\u00a0Dr\u00f8mmer du om l\u00e6ngere eller mere fyldigt h\u00e5r, der ser naturligt ud og ikke skader h\u00e5ret. S\u00e5 er tape extension det bedste valg. Jeg bruger 3 forskellige brand i salonen, som alle har udviklet et helt s\u00e6rligt p\u00e5s\u00e6tningssystem \u2013 i ultra tyndt tape, der hverken tynger eller skader h\u00e5ret.<\/span><\/p>\n<p style=\"text-align: center;\"><span style=\"font-family: inherit; font-weight: normal;\">Hos Cecilie Maria kan du f\u00e5 p\u00e5sat extension, best\u00e5ende af \u00e6gte h\u00e5r i den absolut bedste kvalitet. Tape extension er den mest sk\u00e5nsomme metode \u2013 helt uden skadelig kemi. H\u00e5ret er indisk tempel h\u00e5r og kan hverken m\u00e6rkes eller ses i h\u00e5ret.<\/span><\/p>\n<p style=\"text-align: center;\"><span style=\"font-family: inherit; font-weight: normal;\">Det er luksuri\u00f8st og noget helt s\u00e6rligt med extension i den h\u00f8jeste kvalitet. Det skal passes p\u00e5 og plejes som var det dit eget h\u00e5r.<\/span><\/p>\n<p style=\"text-align: center;\"><span style=\"font-family: inherit; font-weight: normal;\"><\/span><\/p>\n<p style=\"text-align: center;\"><span style=\"font-family: inherit; font-weight: normal;\">Hvis du \u00f8nsker at h\u00f8re mere, er du velkommen til at booke tid til en uforpligtende snak. S\u00e5 vil jeg meget gerne gennemg\u00e5 det i detaljer og svare p\u00e5 de sp\u00f8rgsm\u00e5l du evt har omkring extension.<\/span><\/p>\n<p>[\/et_pb_blurb][et_pb_gallery _builder_version=&#8221;4.23.1&#8243; _module_preset=&#8221;default&#8221; gallery_ids=&#8221;486,487&#8243; caption_font_size=&#8221;1px&#8221; hover_enabled=&#8221;0&#8243; sticky_enabled=&#8221;0&#8243; posts_number=&#8221;2&#8243; orientation=&#8221;portrait&#8221; title_font_size=&#8221;1px&#8221; custom_padding=&#8221;|29px||||&#8221; width=&#8221;98.7%&#8221;][\/et_pb_gallery][et_pb_button button_url=&#8221;https:\/\/salonbook.one\/?ceciliemaria#\/&#8221; button_text=&#8221;book tid til en snak&#8221; button_alignment=&#8221;center&#8221; _builder_version=&#8221;4.23.1&#8243; custom_button=&#8221;on&#8221; button_text_size=&#8221;26&#8243; button_text_color=&#8221;#2b2b2b&#8221; button_bg_color=&#8221;RGBA(255,255,255,0)&#8221; button_border_color=&#8221;RGBA(255,255,255,0)&#8221; button_font=&#8221;Nortwell|300|||||||&#8221; hover_enabled=&#8221;0&#8243; z_index_tablet=&#8221;500&#8243; global_colors_info=&#8221;{}&#8221; sticky_enabled=&#8221;0&#8243; custom_margin=&#8221;112px|-34px||682px||&#8221; width=&#8221;641px&#8221; custom_padding=&#8221;21px|275px|0px|0px||&#8221; button_bg_enable_color=&#8221;on&#8221; min_height=&#8221;118px&#8221;][\/et_pb_button][\/et_pb_column][\/et_pb_row][\/et_pb_section]<\/p>\n","protected":false},"excerpt":{"rendered":"<p>Hair extensions \u00a0Dr\u00f8mmer du om l\u00e6ngere eller mere fyldigt h\u00e5r, der ser naturligt ud og ikke skader h\u00e5ret. S\u00e5 er tape extension det bedste valg. Jeg bruger 3 forskellige brand i salonen, som alle har udviklet et helt s\u00e6rligt p\u00e5s\u00e6tningssystem \u2013 i ultra tyndt tape, der hverken tynger eller skader h\u00e5ret. Hos Cecilie Maria kan [&hellip;]<\/p>\n","protected":false},"author":2,"featured_media":0,"parent":0,"menu_order":0,"comment_status":"closed","ping_status":"closed","template":"","meta":{"_et_pb_use_builder":"on","_et_pb_old_content":"<p>[et_pb_section bb_built=\"1\" _builder_version=\"3.22.4\" z_index_tablet=\"500\" next_background_color=\"#dfb2c7\" parallax=\"on\" background_image=\"https:\/\/www.ceciliemaria.dk\/wp-content\/uploads\/2020\/03\/IMG_0490.jpg\"][et_pb_row][et_pb_column type=\"4_4\"][et_pb_text _builder_version=\"3.22.4\" text_font=\"Nunito Sans|100|||||||\" text_text_color=\"#000000\" text_text_shadow_horizontal_length=\"text_text_shadow_style,%91object Object%93\" text_text_shadow_vertical_length=\"text_text_shadow_style,%91object Object%93\" text_text_shadow_blur_strength=\"text_text_shadow_style,%91object Object%93\" link_text_shadow_horizontal_length=\"link_text_shadow_style,%91object Object%93\" link_text_shadow_vertical_length=\"link_text_shadow_style,%91object Object%93\" link_text_shadow_blur_strength=\"link_text_shadow_style,%91object Object%93\" ul_text_shadow_horizontal_length=\"ul_text_shadow_style,%91object Object%93\" ul_text_shadow_vertical_length=\"ul_text_shadow_style,%91object Object%93\" ul_text_shadow_blur_strength=\"ul_text_shadow_style,%91object Object%93\" ol_text_shadow_horizontal_length=\"ol_text_shadow_style,%91object Object%93\" ol_text_shadow_vertical_length=\"ol_text_shadow_style,%91object Object%93\" ol_text_shadow_blur_strength=\"ol_text_shadow_style,%91object Object%93\" quote_text_shadow_horizontal_length=\"quote_text_shadow_style,%91object Object%93\" quote_text_shadow_vertical_length=\"quote_text_shadow_style,%91object Object%93\" quote_text_shadow_blur_strength=\"quote_text_shadow_style,%91object Object%93\" header_text_shadow_horizontal_length=\"header_text_shadow_style,%91object Object%93\" header_text_shadow_vertical_length=\"header_text_shadow_style,%91object Object%93\" header_text_shadow_blur_strength=\"header_text_shadow_style,%91object Object%93\" header_2_text_shadow_horizontal_length=\"header_2_text_shadow_style,%91object Object%93\" header_2_text_shadow_vertical_length=\"header_2_text_shadow_style,%91object Object%93\" header_2_text_shadow_blur_strength=\"header_2_text_shadow_style,%91object Object%93\" header_3_text_shadow_horizontal_length=\"header_3_text_shadow_style,%91object Object%93\" header_3_text_shadow_vertical_length=\"header_3_text_shadow_style,%91object Object%93\" header_3_text_shadow_blur_strength=\"header_3_text_shadow_style,%91object Object%93\" header_4_text_shadow_horizontal_length=\"header_4_text_shadow_style,%91object Object%93\" header_4_text_shadow_vertical_length=\"header_4_text_shadow_style,%91object Object%93\" header_4_text_shadow_blur_strength=\"header_4_text_shadow_style,%91object Object%93\" header_5_text_shadow_horizontal_length=\"header_5_text_shadow_style,%91object Object%93\" header_5_text_shadow_vertical_length=\"header_5_text_shadow_style,%91object Object%93\" header_5_text_shadow_blur_strength=\"header_5_text_shadow_style,%91object Object%93\" header_6_text_shadow_horizontal_length=\"header_6_text_shadow_style,%91object Object%93\" header_6_text_shadow_vertical_length=\"header_6_text_shadow_style,%91object Object%93\" header_6_text_shadow_blur_strength=\"header_6_text_shadow_style,%91object Object%93\" z_index_tablet=\"500\" text_font_size=\"36px\" text_line_height=\"1.4em\" header_font=\"Nunito Sans|100|||||||\" header_font_size=\"24px\"]<\/p><p style=\"text-align: center;\">HAIRTALK EXTENSIONS<\/p><p>[\/et_pb_text][\/et_pb_column][\/et_pb_row][\/et_pb_section][et_pb_section bb_built=\"1\" specialty=\"off\" prev_background_color=\"#ffffff\" _builder_version=\"3.22.4\" background_color=\"#dfb2c7\" z_index_tablet=\"500\"][et_pb_row _builder_version=\"3.22.4\" background_color_1=\"#f2c1cc\" z_index_tablet=\"500\"][et_pb_column type=\"4_4\"][et_pb_text _builder_version=\"3.22.4\" text_text_shadow_horizontal_length=\"text_text_shadow_style,%91object Object%93\" text_text_shadow_vertical_length=\"text_text_shadow_style,%91object Object%93\" text_text_shadow_blur_strength=\"text_text_shadow_style,%91object Object%93\" link_text_shadow_horizontal_length=\"link_text_shadow_style,%91object Object%93\" link_text_shadow_vertical_length=\"link_text_shadow_style,%91object Object%93\" link_text_shadow_blur_strength=\"link_text_shadow_style,%91object Object%93\" ul_text_shadow_horizontal_length=\"ul_text_shadow_style,%91object Object%93\" ul_text_shadow_vertical_length=\"ul_text_shadow_style,%91object Object%93\" ul_text_shadow_blur_strength=\"ul_text_shadow_style,%91object Object%93\" ol_text_shadow_horizontal_length=\"ol_text_shadow_style,%91object Object%93\" ol_text_shadow_vertical_length=\"ol_text_shadow_style,%91object Object%93\" ol_text_shadow_blur_strength=\"ol_text_shadow_style,%91object Object%93\" quote_text_shadow_horizontal_length=\"quote_text_shadow_style,%91object Object%93\" quote_text_shadow_vertical_length=\"quote_text_shadow_style,%91object Object%93\" quote_text_shadow_blur_strength=\"quote_text_shadow_style,%91object Object%93\" header_text_shadow_horizontal_length=\"header_text_shadow_style,%91object Object%93\" header_text_shadow_vertical_length=\"header_text_shadow_style,%91object Object%93\" header_text_shadow_blur_strength=\"header_text_shadow_style,%91object Object%93\" header_2_text_shadow_horizontal_length=\"header_2_text_shadow_style,%91object Object%93\" header_2_text_shadow_vertical_length=\"header_2_text_shadow_style,%91object Object%93\" header_2_text_shadow_blur_strength=\"header_2_text_shadow_style,%91object Object%93\" header_3_text_shadow_horizontal_length=\"header_3_text_shadow_style,%91object Object%93\" header_3_text_shadow_vertical_length=\"header_3_text_shadow_style,%91object Object%93\" header_3_text_shadow_blur_strength=\"header_3_text_shadow_style,%91object Object%93\" header_4_text_shadow_horizontal_length=\"header_4_text_shadow_style,%91object Object%93\" header_4_text_shadow_vertical_length=\"header_4_text_shadow_style,%91object Object%93\" header_4_text_shadow_blur_strength=\"header_4_text_shadow_style,%91object Object%93\" header_5_text_shadow_horizontal_length=\"header_5_text_shadow_style,%91object Object%93\" header_5_text_shadow_vertical_length=\"header_5_text_shadow_style,%91object Object%93\" header_5_text_shadow_blur_strength=\"header_5_text_shadow_style,%91object Object%93\" header_6_text_shadow_horizontal_length=\"header_6_text_shadow_style,%91object Object%93\" header_6_text_shadow_vertical_length=\"header_6_text_shadow_style,%91object Object%93\" header_6_text_shadow_blur_strength=\"header_6_text_shadow_style,%91object Object%93\" z_index_tablet=\"500\" text_font=\"Nunito Sans|300|||||||\" border_width_all=\"4px\" border_color_all=\"#ffffff\"]<\/p><p style=\"text-align: center;\">Dr\u00f8mmer du om l\u00e6ngere eller mere fyldigt h\u00e5r, der ser naturligt ud og ikke skader h\u00e5ret.<br \/>S\u00e5 er hairtalk extension det bedste valg. Hairtalk har udvilket en helt et helt s\u00e6rligt p\u00e5s\u00e6tningssystem<br \/>\u2013 i ultra tyndt tape, der hverken tynger eller skader h\u00e5ret.<\/p><p style=\"text-align: center;\">Hos Cecilie Maria kan du f\u00e5 p\u00e5sat extension, best\u00e5ende af \u00e6gte h\u00e5r i den absolut bedste kvalitet.<br \/>Hairtalk extension er den mest sk\u00e5nsomme metode \u2013 helt uden skadelig kemi.<br \/>H\u00e5ret er indisk tempel h\u00e5r og kan hverken m\u00e6rkes eller ses i h\u00e5ret.<\/p><p style=\"text-align: center;\">Det er luksuri\u00f8st og noget helt s\u00e6rligt med extension i den h\u00f8jeste kvalitet.<br \/>Det skal passes p\u00e5 og plejes som var det dit eget h\u00e5r.<\/p><p style=\"text-align: center;\">Jeg er certificeret hairtalk stylist.<\/p><p>[\/et_pb_text][\/et_pb_column][\/et_pb_row][et_pb_row][et_pb_column type=\"1_3\"][\/et_pb_column][et_pb_column type=\"1_3\"][et_pb_image _builder_version=\"3.22.4\" src=\"https:\/\/www.ceciliemaria.dk\/wp-content\/uploads\/2020\/03\/IMG_0496.jpg\" z_index_tablet=\"500\" \/][\/et_pb_column][et_pb_column type=\"1_3\"][\/et_pb_column][\/et_pb_row][\/et_pb_section]<\/p>","_et_gb_content_width":"","footnotes":""},"_links":{"self":[{"href":"https:\/\/www.ceciliemaria.dk\/index.php\/wp-json\/wp\/v2\/pages\/160"}],"collection":[{"href":"https:\/\/www.ceciliemaria.dk\/index.php\/wp-json\/wp\/v2\/pages"}],"about":[{"href":"https:\/\/www.ceciliemaria.dk\/index.php\/wp-json\/wp\/v2\/types\/page"}],"author":[{"embeddable":true,"href":"https:\/\/www.ceciliemaria.dk\/index.php\/wp-json\/wp\/v2\/users\/2"}],"replies":[{"embeddable":true,"href":"https:\/\/www.ceciliemaria.dk\/index.php\/wp-json\/wp\/v2\/comments?post=160"}],"version-history":[{"count":22,"href":"https:\/\/www.ceciliemaria.dk\/index.php\/wp-json\/wp\/v2\/pages\/160\/revisions"}],"predecessor-version":[{"id":488,"href":"https:\/\/www.ceciliemaria.dk\/index.php\/wp-json\/wp\/v2\/pages\/160\/revisions\/488"}],"wp:attachment":[{"href":"https:\/\/www.ceciliemaria.dk\/index.php\/wp-json\/wp\/v2\/media?parent=160"}],"curies":[{"name":"wp","href":"https:\/\/api.w.org\/{rel}","templated":true}]}}