{"id":10,"date":"2019-06-21T10:54:51","date_gmt":"2019-06-21T10:54:51","guid":{"rendered":"https:\/\/www.ceciliemaria.dk\/?page_id=10"},"modified":"2025-12-08T19:56:35","modified_gmt":"2025-12-08T19:56:35","slug":"forside","status":"publish","type":"page","link":"https:\/\/www.ceciliemaria.dk\/","title":{"rendered":"Forside"},"content":{"rendered":"<p>[et_pb_section fb_built=&#8221;1&#8243; fullwidth=&#8221;on&#8221; _builder_version=&#8221;4.18.0&#8243; global_colors_info=&#8221;{}&#8221;][et_pb_fullwidth_header text_orientation=&#8221;center&#8221; header_fullscreen=&#8221;on&#8221; button_one_text=&#8221;book online&#8221; button_one_url=&#8221;https:\/\/salonbook.one\/?ceciliemaria#\/&#8221; logo_image_url=&#8221;https:\/\/www.ceciliemaria.dk\/wp-content\/uploads\/2022\/10\/logocecilie_Sort.png&#8221; _builder_version=&#8221;4.23.1&#8243; use_background_color_gradient=&#8221;on&#8221; background_color_gradient_stops=&#8221;rgba(252,223,224,0.14) 72%|#fcdfe0 100%&#8221; background_color_gradient_overlays_image=&#8221;on&#8221; background_color_gradient_start=&#8221;rgba(252,223,224,0.14)&#8221; background_color_gradient_start_position=&#8221;72%&#8221; background_color_gradient_end=&#8221;#fcdfe0&#8243; background_image=&#8221;https:\/\/www.ceciliemaria.dk\/wp-content\/uploads\/2019\/06\/hero.jpg&#8221; custom_button_one=&#8221;on&#8221; button_one_text_size=&#8221;47px&#8221; button_one_text_color=&#8221;#7c6f6a&#8221; button_one_bg_color=&#8221;RGBA(255,255,255,0)&#8221; button_one_border_width=&#8221;0px&#8221; button_one_font=&#8221;Nortwell||||||||&#8221; button_one_use_icon=&#8221;off&#8221; background_layout=&#8221;light&#8221; hover_enabled=&#8221;0&#8243; z_index_tablet=&#8221;500&#8243; global_colors_info=&#8221;{}&#8221; title_font=&#8221;Nortwell||||||||&#8221; title_text_color=&#8221;#D3C1B3&#8243; button_one_border_radius=&#8221;1px&#8221; button_one_bg_enable_color=&#8221;on&#8221; sticky_enabled=&#8221;0&#8243;][\/et_pb_fullwidth_header][\/et_pb_section][et_pb_section fb_built=&#8221;1&#8243; _builder_version=&#8221;4.23.1&#8243; _module_preset=&#8221;default&#8221; background_color=&#8221;#D9CDBF&#8221; min_height=&#8221;742.8px&#8221; global_colors_info=&#8221;{}&#8221;][et_pb_row column_structure=&#8221;1_2,1_2&#8243; _builder_version=&#8221;4.18.0&#8243; _module_preset=&#8221;default&#8221; global_colors_info=&#8221;{}&#8221;][et_pb_column type=&#8221;1_2&#8243; _builder_version=&#8221;4.18.0&#8243; _module_preset=&#8221;default&#8221; global_colors_info=&#8221;{}&#8221;][et_pb_image src=&#8221;https:\/\/www.ceciliemaria.dk\/wp-content\/uploads\/2023\/11\/updoo.jpg&#8221; title_text=&#8221;updoo&#8221; _builder_version=&#8221;4.18.0&#8243; _module_preset=&#8221;default&#8221; global_colors_info=&#8221;{}&#8221;][\/et_pb_image][\/et_pb_column][et_pb_column type=&#8221;1_2&#8243; _builder_version=&#8221;4.18.0&#8243; _module_preset=&#8221;default&#8221; global_colors_info=&#8221;{}&#8221;][et_pb_image src=&#8221;https:\/\/www.ceciliemaria.dk\/wp-content\/uploads\/2023\/11\/updo.jpg&#8221; title_text=&#8221;updo&#8221; _builder_version=&#8221;4.18.0&#8243; _module_preset=&#8221;default&#8221; global_colors_info=&#8221;{}&#8221;][\/et_pb_image][\/et_pb_column][\/et_pb_row][\/et_pb_section][et_pb_section fb_built=&#8221;1&#8243; _builder_version=&#8221;4.23.1&#8243; use_background_color_gradient=&#8221;on&#8221; background_color_gradient_stops=&#8221;rgba(255,255,255,0.65) 0%|rgba(255,255,255,0.62) 100%&#8221; background_color_gradient_overlays_image=&#8221;on&#8221; background_color_gradient_start=&#8221;rgba(255,255,255,0.65)&#8221; background_color_gradient_end=&#8221;rgba(255,255,255,0.62)&#8221; background_image=&#8221;https:\/\/www.ceciliemaria.dk\/wp-content\/uploads\/2024\/02\/IMG_0532.jpg&#8221; inner_width_tablet=&#8221;50px&#8221; inner_max_width_tablet=&#8221;50px&#8221; min_height=&#8221;1190.9px&#8221; custom_padding=&#8221;398px|||||&#8221; z_index_tablet=&#8221;500&#8243; global_colors_info=&#8221;{}&#8221;][et_pb_row column_structure=&#8221;1_5,3_5,1_5&#8243; _builder_version=&#8221;4.16&#8243; background_size=&#8221;initial&#8221; background_position=&#8221;top_left&#8221; background_repeat=&#8221;repeat&#8221; global_colors_info=&#8221;{}&#8221;][et_pb_column type=&#8221;1_5&#8243; _builder_version=&#8221;4.16&#8243; custom_padding=&#8221;|||&#8221; global_colors_info=&#8221;{}&#8221; custom_padding__hover=&#8221;|||&#8221;][\/et_pb_column][et_pb_column type=&#8221;3_5&#8243; _builder_version=&#8221;4.16&#8243; custom_padding=&#8221;|||&#8221; global_colors_info=&#8221;{}&#8221; custom_padding__hover=&#8221;|||&#8221;][et_pb_text admin_label=&#8221;Tekst&#8221; _builder_version=&#8221;4.23.1&#8243; text_font=&#8221;Nunito Sans||||||||&#8221; header_font=&#8221;Nunito Sans||||||||&#8221; custom_margin=&#8221;||-265px|||&#8221; custom_padding=&#8221;155px|||||&#8221; z_index_tablet=&#8221;500&#8243; inline_fonts=&#8221;Nortwell&#8221; global_colors_info=&#8221;{}&#8221;]<\/p>\n<p>\u00a0\u00a0<span style=\"font-size: 14px;\"><\/span><\/p>\n<p><span style=\"font-size: 14px;\"><\/span><\/p>\n<p><span style=\"font-size: 14px;\"><\/span><\/p>\n<p><span style=\"font-size: 14px;\">\u00a0<\/span><\/p>\n<p><span style=\"font-family: Nortwell; font-weight: normal; font-size: xx-large;\">Om Cecilie Maria<\/span><\/p>\n<p>&nbsp;<\/p>\n<p><span style=\"font-size: 14px;\">Jeg har v\u00e6ret selvst\u00e6ndig i 6 \u00e5r, det hele startede for\u00e5ret 2019, det har v\u00e6ret en fantastisk rejse at v\u00e6re p\u00e5, som har f\u00f8rt mig til at jeg har fundet nogle vidunderligt lokaler som jeg har renoveret og nu st\u00e5r klar til at tage imod jer, p\u00e5 den hyggeligste gade i K\u00f8benavn &#8211; Nansensgade. Det er med stor gl\u00e6de at jeg hopper ind i dette nye eventyr, som jeg gl\u00e6der mig til at dele med jer!<\/span><\/p>\n<p><span style=\"font-size: 14px;\">I mine 11 \u00e5r som fris\u00f8r har jeg st\u00e5et p\u00e5 saloner, Dennis Knudsen, Palma intercoiffure og fris\u00f8rk\u00e6den Pii. Derudover har jeg lavet shoots og fashionweek b\u00e5de i ind og udland &#8211; dette har indb\u00e5ret b\u00e5de h\u00e5r og makeup som ogs\u00e5 har v\u00e6ret en stor del af min karriere. Jeg har de seneste 7 \u00e5r specialiceret mig i at skabe naturlige smukke farver. <\/span><span style=\"font-size: 14px;\">Min store passion ligger helt klart i det lange h\u00e5r, jeg elsker at skabe noget der har en lang holdbarhed og stor effekt p\u00e5 det menneske der sidder i min stol.\u00a0\u00a0<\/span><\/p>\n<p>Jeg \u00f8nsker at skabe et rum hvor du er i fokus. Jeg l\u00e6gger stor v\u00e6gt p\u00e5 at lytte til dine \u00f8nsker og behov, s\u00e5 vi sammen kan finde frem til det helt rigtige for dig. N\u00e5r du er i stolen hos mig, \u00f8nsker jeg at oplevelsen skal v\u00e6re behagelig, at du trygt kan l\u00e6ne dig tilbage og nyde en stund der er til for dig &#8211; et lille stykke tid i en travl hverdag, hvor det handler om dig og din sk\u00f8nhed.\u00a0<\/p>\n<p>Hos Cecilie Maria har b\u00e6redygtighed og naturlige produkter stor betydning i hverdagen &#8211; jeg t\u00e6nker over hvad vi uds\u00e6tter vores krop og planet for &#8211; derfor har jeg m\u00e6rket AVEDA i min salon, b\u00e5de plejende samt stylings-produkter og farvesystem. Jeg har v\u00e6ret igennem adskillige m\u00e6rker i min karriere og det er min erfaring at AVEDA klart er det bedste jeg har haft i mine h\u00e6nder. <br \/>AVEDA er et m\u00e6rke der blev founded i USA, med r\u00f8dder fra \u00d8strig. Det er det f\u00f8rste brand der producerer alle produkter udelukkende p\u00e5 wind power. AEVDA bestr\u00e6ber sig p\u00e5 at v\u00e6re s\u00e5 b\u00e6redygtige som muligt, og g\u00e5r op i at give tilbage til samfundet. Det er 97-99% naturlige ingredienser \u2013 best\u00e5ende af plante og blomster ekstrakter.<\/p>\n<p>&nbsp;<\/p>\n<p style=\"text-align: center;\"><strong>&#8220;At v\u00e6re fris\u00f8r er ikke et arbejde, men en livsstil.\u00a0<\/strong><br \/><strong>Min passion for faget er br\u00e6ndende. Jeg bestr\u00e6ber mig hele tiden p\u00e5, <br \/>at udvikle og dygtigg\u00f8re mig. Jeg elsker det jeg laver. Nyt\u00e6nkende, kreativ og kunstnerisk. <br \/>Jeg tror p\u00e5 det tekniske arbejde. Jeg vil yde mit bedste i alt hvad jeg laver. <br \/>M\u00e5lrettet, h\u00e5rdtarbejdende og ambiti\u00f8s.&#8221;<\/strong><\/p>\n<p style=\"text-align: center;\"><strong><\/strong><\/p>\n<p style=\"text-align: center;\">\n<p>\u00a0 \u00a0 \u00a0 \u00a0 \u00a0 \u00a0 \u00a0 \u00a0 \u00a0 \u00a0 \u00a0 \u00a0 \u00a0 \u00a0 \u00a0 \u00a0 \u00a0 \u00a0 \u00a0 \u00a0 <span style=\"font-family: Nortwell; font-weight: normal; font-size: x-large;\">\u00a0 \u00a0 \u00a0 \u00a0 \u00a0 \u00a0 \u00a0 \u00a0 \u00a0 \u00a0Xx C.<\/span><strong><\/strong><\/p>\n<p>&nbsp;<\/p>\n<p>&nbsp;<\/p>\n<p>&nbsp;<\/p>\n<p>&nbsp;<\/p>\n<p>&nbsp;<\/p>\n<p>&nbsp;<\/p>\n<p>&nbsp;<\/p>\n<p>&nbsp;<\/p>\n<p>[\/et_pb_text][\/et_pb_column][et_pb_column type=&#8221;1_5&#8243; _builder_version=&#8221;4.16&#8243; custom_padding=&#8221;|||&#8221; global_colors_info=&#8221;{}&#8221; custom_padding__hover=&#8221;|||&#8221;][\/et_pb_column][\/et_pb_row][\/et_pb_section]<\/p>\n","protected":false},"excerpt":{"rendered":"<p>\u00a0\u00a0 \u00a0 Om Cecilie Maria &nbsp; Jeg har v\u00e6ret selvst\u00e6ndig i 6 \u00e5r, det hele startede for\u00e5ret 2019, det har v\u00e6ret en fantastisk rejse at v\u00e6re p\u00e5, som har f\u00f8rt mig til at jeg har fundet nogle vidunderligt lokaler som jeg har renoveret og nu st\u00e5r klar til at tage imod jer, p\u00e5 den hyggeligste [&hellip;]<\/p>\n","protected":false},"author":1,"featured_media":0,"parent":0,"menu_order":0,"comment_status":"closed","ping_status":"closed","template":"","meta":{"_et_pb_use_builder":"on","_et_pb_old_content":"","_et_gb_content_width":"","footnotes":""},"_links":{"self":[{"href":"https:\/\/www.ceciliemaria.dk\/index.php\/wp-json\/wp\/v2\/pages\/10"}],"collection":[{"href":"https:\/\/www.ceciliemaria.dk\/index.php\/wp-json\/wp\/v2\/pages"}],"about":[{"href":"https:\/\/www.ceciliemaria.dk\/index.php\/wp-json\/wp\/v2\/types\/page"}],"author":[{"embeddable":true,"href":"https:\/\/www.ceciliemaria.dk\/index.php\/wp-json\/wp\/v2\/users\/1"}],"replies":[{"embeddable":true,"href":"https:\/\/www.ceciliemaria.dk\/index.php\/wp-json\/wp\/v2\/comments?post=10"}],"version-history":[{"count":56,"href":"https:\/\/www.ceciliemaria.dk\/index.php\/wp-json\/wp\/v2\/pages\/10\/revisions"}],"predecessor-version":[{"id":476,"href":"https:\/\/www.ceciliemaria.dk\/index.php\/wp-json\/wp\/v2\/pages\/10\/revisions\/476"}],"wp:attachment":[{"href":"https:\/\/www.ceciliemaria.dk\/index.php\/wp-json\/wp\/v2\/media?parent=10"}],"curies":[{"name":"wp","href":"https:\/\/api.w.org\/{rel}","templated":true}]}}